{"id":907,"date":"2018-08-01T07:44:31","date_gmt":"2018-08-01T07:44:31","guid":{"rendered":"http:\/\/babies.britishhouse.es\/?page_id=907"},"modified":"2018-09-13T08:38:18","modified_gmt":"2018-09-13T08:38:18","slug":"benvinguts","status":"publish","type":"page","link":"https:\/\/britishhouse.es\/ca\/benvinguts\/","title":{"rendered":"Benvinguts"},"content":{"rendered":"<div class=\"fusion-fullwidth fullwidth-box nonhundred-percent-fullwidth non-hundred-percent-height-scrolling\"  style='background-color: rgba(255,255,255,0);background-position: center center;background-repeat: no-repeat;padding-top:0px;padding-right:0px;padding-bottom:0px;padding-left:0px;'><div class=\"fusion-builder-row fusion-row \"><div  class=\"fusion-layout-column fusion_builder_column fusion_builder_column_2_3  fusion-two-third fusion-column-first 2_3\"  style='margin-top:0px;margin-bottom:20px;width:66.66%;width:calc(66.66% - ( ( 4% ) * 0.6666 ) );margin-right: 4%;'>\n\t\t\t\t\t<div class=\"fusion-column-wrapper\" style=\"padding: 0px 0px 0px 0px;background-position:left top;background-repeat:no-repeat;-webkit-background-size:cover;-moz-background-size:cover;-o-background-size:cover;background-size:cover;\"   data-bg-url=\"\">\n\t\t\t\t\t\t<div class=\"fusion-text\"><h2><strong>Benvinguts<\/strong><\/h2>\n<\/div><div class=\"fusion-text\"><p style=\"text-align: justify;\">Tots qui formem l\u2019equip de British House entenem que som ciutadans d\u2019un m\u00f3n globalitzat en qu\u00e8 el domini de diferents lleng\u00fces estrangeres \u00e9s essencial per al creixement personal i professional de les persones. El nostre objectiu \u00e9s aconseguir que gaudeixis aprenent idiomes de forma r\u00e0pida i efica\u00e7, per sentir-te lliure i per poder viatjar i comunicar-te amb confian\u00e7a en qualsevol situaci\u00f3, tant a nivell personal com professional.<\/p>\n<p style=\"text-align: justify;\">A British House el protagonista ets <strong>TU!<\/strong><\/p>\n<p style=\"text-align: justify;\"><strong>TU<\/strong> i les teves idees,<br \/>\n<strong>TU<\/strong> i el teu progr\u00e9s,<br \/>\n<strong>TU<\/strong> i la teva satisfacci\u00f3.<\/p>\n<p style=\"text-align: justify;\">Obre el teu esperit al m\u00f3n i prepara\u2019t per gaudir aprenent idiomes a British House!<\/p>\n<p dir=\"ltr\" style=\"line-height: 1.2; margin-top: 5pt; margin-bottom: 5pt; text-align: justify; background-color: #ffffff;\"><span style=\"font-size: 11pt; font-family: Calibri; color: #000000; background-color: transparent; font-weight: bold; font-style: normal; font-variant: normal; text-decoration: none; vertical-align: baseline; white-space: pre-wrap;\">Speak Languages! Be International!<\/span><\/p>\n<p style=\"text-align: justify;\"><strong><span style=\"color: #ff0000;\">British House<\/span><\/strong><\/p>\n<\/div><div class=\"fusion-clearfix\"><\/div>\n\n\t\t\t\t\t<\/div>\n\t\t\t\t<\/div><div  class=\"fusion-layout-column fusion_builder_column fusion_builder_column_1_3  fusion-one-third fusion-column-last 1_3\"  style='margin-top:4%;margin-bottom:20px;width:33.33%;width:calc(33.33% - ( ( 4% ) * 0.3333 ) );'>\n\t\t\t\t\t<div class=\"fusion-column-wrapper\" style=\"padding: 0px 0px 0px 0px;background-position:left top;background-repeat:no-repeat;-webkit-background-size:cover;-moz-background-size:cover;-o-background-size:cover;background-size:cover;\"   data-bg-url=\"\">\n\t\t\t\t\t\t<div class=\"imageframe-align-center\"><span style=\"-webkit-box-shadow: 3px 3px 7px rgba(0,0,0,0.3);box-shadow: 3px 3px 7px rgba(0,0,0,0.3);\" class=\"fusion-imageframe imageframe-dropshadow imageframe-1 hover-type-none\"><img decoding=\"async\" src=\"data:image\/gif;base64,R0lGODlhAQABAAAAACH5BAEKAAEALAAAAAABAAEAAAICTAEAOw==\" data-src=\"https:\/\/babies.britishhouse.es\/wp-content\/uploads\/2018\/07\/griselda-bienve.jpg\" width=\"\" height=\"\" alt=\"\" title=\"Benvinguts\" class=\"lazyload img-responsive\"\/><\/span><\/div><div class=\"fusion-text\"><h3 style=\"text-align: center; font-size: 14px;\"><a href=\"https:\/\/britishhouse.es\/ca\/griselda\/\"><span style=\"color: #808080;\"><em>Griselda Grau, fundadora de British House<\/em><\/span><\/a><\/h3>\n<\/div><div class=\"fusion-clearfix\"><\/div>\n\n\t\t\t\t\t<\/div>\n\t\t\t\t<\/div><\/div><\/div>\n","protected":false},"excerpt":{"rendered":"","protected":false},"author":1,"featured_media":0,"parent":0,"menu_order":0,"comment_status":"closed","ping_status":"closed","template":"","meta":{"footnotes":""},"class_list":["post-907","page","type-page","status-publish","hentry"],"yoast_head":"<!-- This site is optimized with the Yoast SEO plugin v26.3 - https:\/\/yoast.com\/wordpress\/plugins\/seo\/ -->\n<title>Benvinguts - BritishHouse Languages<\/title>\n<meta name=\"robots\" content=\"index, follow, max-snippet:-1, max-image-preview:large, max-video-preview:-1\" \/>\n<link rel=\"canonical\" href=\"https:\/\/britishhouse.es\/bienvenidos\/\" \/>\n<meta property=\"og:locale\" content=\"ca_ES\" \/>\n<meta property=\"og:type\" content=\"article\" \/>\n<meta property=\"og:title\" content=\"Benvinguts - BritishHouse Languages\" \/>\n<meta property=\"og:url\" content=\"https:\/\/britishhouse.es\/bienvenidos\/\" \/>\n<meta property=\"og:site_name\" content=\"BritishHouse Languages\" \/>\n<meta property=\"article:modified_time\" content=\"2018-09-13T08:38:18+00:00\" \/>\n<meta name=\"twitter:card\" content=\"summary_large_image\" \/>\n<meta name=\"twitter:label1\" content=\"Temps estimat de lectura\" \/>\n\t<meta name=\"twitter:data1\" content=\"2 minuts\" \/>\n<script type=\"application\/ld+json\" class=\"yoast-schema-graph\">{\"@context\":\"https:\/\/schema.org\",\"@graph\":[{\"@type\":\"WebPage\",\"@id\":\"https:\/\/britishhouse.es\/bienvenidos\/\",\"url\":\"https:\/\/britishhouse.es\/bienvenidos\/\",\"name\":\"Benvinguts - BritishHouse Languages\",\"isPartOf\":{\"@id\":\"https:\/\/britishhouse.es\/#website\"},\"datePublished\":\"2018-08-01T07:44:31+00:00\",\"dateModified\":\"2018-09-13T08:38:18+00:00\",\"breadcrumb\":{\"@id\":\"https:\/\/britishhouse.es\/bienvenidos\/#breadcrumb\"},\"inLanguage\":\"ca\",\"potentialAction\":[{\"@type\":\"ReadAction\",\"target\":[\"https:\/\/britishhouse.es\/bienvenidos\/\"]}]},{\"@type\":\"BreadcrumbList\",\"@id\":\"https:\/\/britishhouse.es\/bienvenidos\/#breadcrumb\",\"itemListElement\":[{\"@type\":\"ListItem\",\"position\":1,\"name\":\"Portada\",\"item\":\"https:\/\/britishhouse.es\/ca\/\"},{\"@type\":\"ListItem\",\"position\":2,\"name\":\"Benvinguts\"}]},{\"@type\":\"WebSite\",\"@id\":\"https:\/\/britishhouse.es\/#website\",\"url\":\"https:\/\/britishhouse.es\/\",\"name\":\"BritishHouse Languages\",\"description\":\"\",\"potentialAction\":[{\"@type\":\"SearchAction\",\"target\":{\"@type\":\"EntryPoint\",\"urlTemplate\":\"https:\/\/britishhouse.es\/?s={search_term_string}\"},\"query-input\":{\"@type\":\"PropertyValueSpecification\",\"valueRequired\":true,\"valueName\":\"search_term_string\"}}],\"inLanguage\":\"ca\"}]}<\/script>\n<!-- \/ Yoast SEO plugin. -->","yoast_head_json":{"title":"Benvinguts - BritishHouse Languages","robots":{"index":"index","follow":"follow","max-snippet":"max-snippet:-1","max-image-preview":"max-image-preview:large","max-video-preview":"max-video-preview:-1"},"canonical":"https:\/\/britishhouse.es\/bienvenidos\/","og_locale":"ca_ES","og_type":"article","og_title":"Benvinguts - BritishHouse Languages","og_url":"https:\/\/britishhouse.es\/bienvenidos\/","og_site_name":"BritishHouse Languages","article_modified_time":"2018-09-13T08:38:18+00:00","twitter_card":"summary_large_image","twitter_misc":{"Temps estimat de lectura":"2 minuts"},"schema":{"@context":"https:\/\/schema.org","@graph":[{"@type":"WebPage","@id":"https:\/\/britishhouse.es\/bienvenidos\/","url":"https:\/\/britishhouse.es\/bienvenidos\/","name":"Benvinguts - BritishHouse Languages","isPartOf":{"@id":"https:\/\/britishhouse.es\/#website"},"datePublished":"2018-08-01T07:44:31+00:00","dateModified":"2018-09-13T08:38:18+00:00","breadcrumb":{"@id":"https:\/\/britishhouse.es\/bienvenidos\/#breadcrumb"},"inLanguage":"ca","potentialAction":[{"@type":"ReadAction","target":["https:\/\/britishhouse.es\/bienvenidos\/"]}]},{"@type":"BreadcrumbList","@id":"https:\/\/britishhouse.es\/bienvenidos\/#breadcrumb","itemListElement":[{"@type":"ListItem","position":1,"name":"Portada","item":"https:\/\/britishhouse.es\/ca\/"},{"@type":"ListItem","position":2,"name":"Benvinguts"}]},{"@type":"WebSite","@id":"https:\/\/britishhouse.es\/#website","url":"https:\/\/britishhouse.es\/","name":"BritishHouse Languages","description":"","potentialAction":[{"@type":"SearchAction","target":{"@type":"EntryPoint","urlTemplate":"https:\/\/britishhouse.es\/?s={search_term_string}"},"query-input":{"@type":"PropertyValueSpecification","valueRequired":true,"valueName":"search_term_string"}}],"inLanguage":"ca"}]}},"_links":{"self":[{"href":"https:\/\/britishhouse.es\/ca\/wp-json\/wp\/v2\/pages\/907","targetHints":{"allow":["GET"]}}],"collection":[{"href":"https:\/\/britishhouse.es\/ca\/wp-json\/wp\/v2\/pages"}],"about":[{"href":"https:\/\/britishhouse.es\/ca\/wp-json\/wp\/v2\/types\/page"}],"author":[{"embeddable":true,"href":"https:\/\/britishhouse.es\/ca\/wp-json\/wp\/v2\/users\/1"}],"replies":[{"embeddable":true,"href":"https:\/\/britishhouse.es\/ca\/wp-json\/wp\/v2\/comments?post=907"}],"version-history":[{"count":2,"href":"https:\/\/britishhouse.es\/ca\/wp-json\/wp\/v2\/pages\/907\/revisions"}],"predecessor-version":[{"id":1869,"href":"https:\/\/britishhouse.es\/ca\/wp-json\/wp\/v2\/pages\/907\/revisions\/1869"}],"wp:attachment":[{"href":"https:\/\/britishhouse.es\/ca\/wp-json\/wp\/v2\/media?parent=907"}],"curies":[{"name":"wp","href":"https:\/\/api.w.org\/{rel}","templated":true}]}}