{"id":1709,"date":"2018-08-22T16:12:55","date_gmt":"2018-08-22T16:12:55","guid":{"rendered":"http:\/\/babies.britishhouse.es\/?page_id=1709"},"modified":"2018-09-13T08:36:03","modified_gmt":"2018-09-13T08:36:03","slug":"mary","status":"publish","type":"page","link":"https:\/\/britishhouse.es\/ca\/mary\/","title":{"rendered":"MARY-cat"},"content":{"rendered":"<div class=\"fusion-fullwidth fullwidth-box nonhundred-percent-fullwidth non-hundred-percent-height-scrolling\"  style='background-color: rgba(255,255,255,0);background-position: center center;background-repeat: no-repeat;padding-top:0px;padding-right:0px;padding-bottom:0px;padding-left:0px;'><div class=\"fusion-builder-row fusion-row \"><div  class=\"fusion-layout-column fusion_builder_column fusion_builder_column_1_2  fusion-one-half fusion-column-first 1_2\"  style='margin-top:0px;margin-bottom:20px;width:50%;width:calc(50% - ( ( 4% ) * 0.5 ) );margin-right: 4%;'>\n\t\t\t\t\t<div class=\"fusion-column-wrapper\" style=\"padding: 0px 0px 0px 0px;background-position:left top;background-repeat:no-repeat;-webkit-background-size:cover;-moz-background-size:cover;-o-background-size:cover;background-size:cover;\"   data-bg-url=\"\">\n\t\t\t\t\t\t<div class=\"fusion-text\"><h2 style=\"margin-bottom: 0px;\"><b>MARY <\/b><\/h2>\n<\/div><div class=\"fusion-sep-clear\"><\/div><div class=\"fusion-separator fusion-full-width-sep sep-single sep-solid\" style=\"border-color:#e0dede;border-top-width:2px;margin-left: auto;margin-right: auto;margin-top:0px;margin-bottom:3%;\"><\/div><div class=\"fusion-text\"><p style=\"text-align: justify;\"><span style=\"font-weight: 400;\">La Mary fa molts anys que \u00e9s part de l&#8217;equip de professors de la British i fa m\u00e9s de 26 anys que \u00e9s professora d&#8217;angl\u00e8s. La Mary \u00e9s origin\u00e0ria de M\u00e8xic i \u00e9s Diplomada en Did\u00e1ctica Universit\u00e0ria per la Universitat de Celaya i est\u00e0 Certificada en l\u2019Ensenyament de l\u2019Angl\u00e8s com a llengua estrangera (CEILE) per la Universitat de Guadalajara. Algunes de les seves passions s\u00f3n la m\u00fasica de tot tipus i tamb\u00e9 li encanta el cinema.<\/span><\/p>\n<p style=\"text-align: justify;\"><span style=\"font-weight: 400;\">La Mary gaudeix molt ajudant a la gent, i aix\u00f2 es veu reflectit a l&#8217;aula on \u00e9s molt dedicada amb els seus alumnes. La Mary gaudeix especialment dels alumnes adolescents i adults, i tamb\u00e9 fa classes a empreses. <\/span><\/p>\n<\/div><div class=\"fusion-clearfix\"><\/div>\n\n\t\t\t\t\t<\/div>\n\t\t\t\t<\/div><div  class=\"fusion-layout-column fusion_builder_column fusion_builder_column_1_2  fusion-one-half fusion-column-last 1_2\"  style='margin-top:2%;margin-bottom:20px;width:50%;width:calc(50% - ( ( 4% ) * 0.5 ) );'>\n\t\t\t\t\t<div class=\"fusion-column-wrapper\" style=\"padding: 0px 0px 0px 0px;background-position:left top;background-repeat:no-repeat;-webkit-background-size:cover;-moz-background-size:cover;-o-background-size:cover;background-size:cover;\"   data-bg-url=\"\">\n\t\t\t\t\t\t<div class=\"imageframe-align-center\"><span class=\"fusion-imageframe imageframe-none imageframe-1 hover-type-none\"><img decoding=\"async\" src=\"data:image\/svg+xml,%3Csvg%20xmlns%3D%27http%3A%2F%2Fwww.w3.org%2F2000%2Fsvg%27%20width%3D%27300%27%20height%3D%27150%27%20viewBox%3D%270%200%20300%20150%27%3E%3Crect%20width%3D%27300%27%20height%3D%273150%27%20fill-opacity%3D%220%22%2F%3E%3C%2Fsvg%3E\" data-src=\"https:\/\/babies.britishhouse.es\/wp-content\/uploads\/2018\/07\/mary-2.jpg\" width=\"\" height=\"\" alt=\"\" title=\"\" class=\"lazyload img-responsive wp-image-216\"\/><\/span><\/div><div class=\"fusion-clearfix\"><\/div>\n\n\t\t\t\t\t<\/div>\n\t\t\t\t<\/div><\/div><\/div>\n","protected":false},"excerpt":{"rendered":"","protected":false},"author":1,"featured_media":0,"parent":0,"menu_order":0,"comment_status":"closed","ping_status":"closed","template":"","meta":{"footnotes":""},"class_list":["post-1709","page","type-page","status-publish","hentry"],"yoast_head":"<!-- This site is optimized with the Yoast SEO plugin v26.3 - https:\/\/yoast.com\/wordpress\/plugins\/seo\/ -->\n<title>MARY-cat - BritishHouse Languages<\/title>\n<meta name=\"robots\" content=\"index, follow, max-snippet:-1, max-image-preview:large, max-video-preview:-1\" \/>\n<link rel=\"canonical\" href=\"https:\/\/britishhouse.es\/mary\/\" \/>\n<meta property=\"og:locale\" content=\"ca_ES\" \/>\n<meta property=\"og:type\" content=\"article\" \/>\n<meta property=\"og:title\" content=\"MARY-cat - BritishHouse Languages\" \/>\n<meta property=\"og:url\" content=\"https:\/\/britishhouse.es\/mary\/\" \/>\n<meta property=\"og:site_name\" content=\"BritishHouse Languages\" \/>\n<meta property=\"article:modified_time\" content=\"2018-09-13T08:36:03+00:00\" \/>\n<meta name=\"twitter:card\" content=\"summary_large_image\" \/>\n<meta name=\"twitter:label1\" content=\"Temps estimat de lectura\" \/>\n\t<meta name=\"twitter:data1\" content=\"2 minuts\" \/>\n<script type=\"application\/ld+json\" class=\"yoast-schema-graph\">{\"@context\":\"https:\/\/schema.org\",\"@graph\":[{\"@type\":\"WebPage\",\"@id\":\"https:\/\/britishhouse.es\/mary\/\",\"url\":\"https:\/\/britishhouse.es\/mary\/\",\"name\":\"MARY-cat - BritishHouse Languages\",\"isPartOf\":{\"@id\":\"https:\/\/britishhouse.es\/#website\"},\"datePublished\":\"2018-08-22T16:12:55+00:00\",\"dateModified\":\"2018-09-13T08:36:03+00:00\",\"breadcrumb\":{\"@id\":\"https:\/\/britishhouse.es\/mary\/#breadcrumb\"},\"inLanguage\":\"ca\",\"potentialAction\":[{\"@type\":\"ReadAction\",\"target\":[\"https:\/\/britishhouse.es\/mary\/\"]}]},{\"@type\":\"BreadcrumbList\",\"@id\":\"https:\/\/britishhouse.es\/mary\/#breadcrumb\",\"itemListElement\":[{\"@type\":\"ListItem\",\"position\":1,\"name\":\"Portada\",\"item\":\"https:\/\/britishhouse.es\/ca\/\"},{\"@type\":\"ListItem\",\"position\":2,\"name\":\"MARY-cat\"}]},{\"@type\":\"WebSite\",\"@id\":\"https:\/\/britishhouse.es\/#website\",\"url\":\"https:\/\/britishhouse.es\/\",\"name\":\"BritishHouse Languages\",\"description\":\"\",\"potentialAction\":[{\"@type\":\"SearchAction\",\"target\":{\"@type\":\"EntryPoint\",\"urlTemplate\":\"https:\/\/britishhouse.es\/?s={search_term_string}\"},\"query-input\":{\"@type\":\"PropertyValueSpecification\",\"valueRequired\":true,\"valueName\":\"search_term_string\"}}],\"inLanguage\":\"ca\"}]}<\/script>\n<!-- \/ Yoast SEO plugin. -->","yoast_head_json":{"title":"MARY-cat - BritishHouse Languages","robots":{"index":"index","follow":"follow","max-snippet":"max-snippet:-1","max-image-preview":"max-image-preview:large","max-video-preview":"max-video-preview:-1"},"canonical":"https:\/\/britishhouse.es\/mary\/","og_locale":"ca_ES","og_type":"article","og_title":"MARY-cat - BritishHouse Languages","og_url":"https:\/\/britishhouse.es\/mary\/","og_site_name":"BritishHouse Languages","article_modified_time":"2018-09-13T08:36:03+00:00","twitter_card":"summary_large_image","twitter_misc":{"Temps estimat de lectura":"2 minuts"},"schema":{"@context":"https:\/\/schema.org","@graph":[{"@type":"WebPage","@id":"https:\/\/britishhouse.es\/mary\/","url":"https:\/\/britishhouse.es\/mary\/","name":"MARY-cat - BritishHouse Languages","isPartOf":{"@id":"https:\/\/britishhouse.es\/#website"},"datePublished":"2018-08-22T16:12:55+00:00","dateModified":"2018-09-13T08:36:03+00:00","breadcrumb":{"@id":"https:\/\/britishhouse.es\/mary\/#breadcrumb"},"inLanguage":"ca","potentialAction":[{"@type":"ReadAction","target":["https:\/\/britishhouse.es\/mary\/"]}]},{"@type":"BreadcrumbList","@id":"https:\/\/britishhouse.es\/mary\/#breadcrumb","itemListElement":[{"@type":"ListItem","position":1,"name":"Portada","item":"https:\/\/britishhouse.es\/ca\/"},{"@type":"ListItem","position":2,"name":"MARY-cat"}]},{"@type":"WebSite","@id":"https:\/\/britishhouse.es\/#website","url":"https:\/\/britishhouse.es\/","name":"BritishHouse Languages","description":"","potentialAction":[{"@type":"SearchAction","target":{"@type":"EntryPoint","urlTemplate":"https:\/\/britishhouse.es\/?s={search_term_string}"},"query-input":{"@type":"PropertyValueSpecification","valueRequired":true,"valueName":"search_term_string"}}],"inLanguage":"ca"}]}},"_links":{"self":[{"href":"https:\/\/britishhouse.es\/ca\/wp-json\/wp\/v2\/pages\/1709","targetHints":{"allow":["GET"]}}],"collection":[{"href":"https:\/\/britishhouse.es\/ca\/wp-json\/wp\/v2\/pages"}],"about":[{"href":"https:\/\/britishhouse.es\/ca\/wp-json\/wp\/v2\/types\/page"}],"author":[{"embeddable":true,"href":"https:\/\/britishhouse.es\/ca\/wp-json\/wp\/v2\/users\/1"}],"replies":[{"embeddable":true,"href":"https:\/\/britishhouse.es\/ca\/wp-json\/wp\/v2\/comments?post=1709"}],"version-history":[{"count":1,"href":"https:\/\/britishhouse.es\/ca\/wp-json\/wp\/v2\/pages\/1709\/revisions"}],"predecessor-version":[{"id":1860,"href":"https:\/\/britishhouse.es\/ca\/wp-json\/wp\/v2\/pages\/1709\/revisions\/1860"}],"wp:attachment":[{"href":"https:\/\/britishhouse.es\/ca\/wp-json\/wp\/v2\/media?parent=1709"}],"curies":[{"name":"wp","href":"https:\/\/api.w.org\/{rel}","templated":true}]}}