{"id":1662,"date":"2018-08-22T15:54:50","date_gmt":"2018-08-22T15:54:50","guid":{"rendered":"http:\/\/babies.britishhouse.es\/?page_id=1662"},"modified":"2018-09-13T08:32:13","modified_gmt":"2018-09-13T08:32:13","slug":"griselda","status":"publish","type":"page","link":"https:\/\/britishhouse.es\/ca\/griselda\/","title":{"rendered":"GRISELDA-cat"},"content":{"rendered":"<div class=\"fusion-fullwidth fullwidth-box nonhundred-percent-fullwidth non-hundred-percent-height-scrolling\"  style='background-color: rgba(255,255,255,0);background-position: center center;background-repeat: no-repeat;padding-top:0px;padding-right:0px;padding-bottom:0px;padding-left:0px;'><div class=\"fusion-builder-row fusion-row \"><div  class=\"fusion-layout-column fusion_builder_column fusion_builder_column_1_1  fusion-one-full fusion-column-first fusion-column-last 1_1\"  style='margin-top:0px;margin-bottom:20px;'>\n\t\t\t\t\t<div class=\"fusion-column-wrapper\" style=\"padding: 0px 0px 0px 0px;background-position:left top;background-repeat:no-repeat;-webkit-background-size:cover;-moz-background-size:cover;-o-background-size:cover;background-size:cover;\"   data-bg-url=\"\">\n\t\t\t\t\t\t<div class=\"fusion-text\"><h2 style=\"margin-bottom: 0px;\"><b>GRISELDA <\/b><\/h2>\n<\/div><div class=\"fusion-sep-clear\"><\/div><div class=\"fusion-separator fusion-full-width-sep sep-single sep-solid\" style=\"border-color:#e0dede;border-top-width:2px;margin-left: auto;margin-right: auto;margin-top:0px;margin-bottom:3%;\"><\/div><span style=\"margin-left:25px;float:right;\" class=\"fusion-imageframe imageframe-none imageframe-1 hover-type-none\"><img decoding=\"async\" src=\"data:image\/gif;base64,R0lGODlhAQABAAAAACH5BAEKAAEALAAAAAABAAEAAAICTAEAOw==\" data-src=\"https:\/\/babies.britishhouse.es\/wp-content\/uploads\/2018\/07\/griselda-2.jpg\" width=\"\" height=\"\" alt=\"\" title=\"GRISELDA-cat\" class=\"lazyload img-responsive\"\/><\/span><div class=\"fusion-text\"><p style=\"text-align: justify;\">La Griselda \u00e9s la fundadora i directora de British House.\u00a0Els idiomes i l\u2019ensenyament sempre han estat les seves grans passions des de que va fundar l\u2019escola al 2001 i l\u2019aprenentatge continu \u00e9s la seva filosofia de vida. \u00c9s per aix\u00f2 que gaudeix tant amb la seva feina de directora de British House i la missi\u00f3 educativa de l\u2019escola.<\/p>\n<p style=\"text-align: justify;\">La Griselda \u00e9s llicenciada en Filologia Anglesa per la Universitat Aut\u00f2noma de Barcelona i la Surrey University d\u2019Anglaterra i va ser guardonada amb el Premi extraordinari al millor expedient universitari de la seva promoci\u00f3. A m\u00e9s, tamb\u00e9 va obtenir el CAP (Certificat d\u2019aptitud pedag\u00f2gica) i es va certificar en <em>Teacher Training<\/em> (Formaci\u00f3 de professors), i en <em>Director of Studies<\/em> (Directora d\u2019estudis) per International House.<\/p>\n<p style=\"text-align: justify;\">A banda dels idiomes, a la Griselda li apassionen de la Psicologia Positiva i el Coaching per tal d\u2019ajudar a les persones a assolir el seu potencial, i \u00e9s per aix\u00f2 que t\u00e9 un postgrau de Psicologia Positiva de la <em>University of East London<\/em>, a Londres, i va obtenir el CAPP (<em>Certificate in Positive Psychology<\/em>) a Nova York. Tamb\u00e9 es va certificar en <em>Personal and Executive Coaching <\/em>(Coaching personal i d\u2019equips) a la <em>New York University<\/em>, la Universitat de Nova York.\u00a0 Per \u00faltim, el lideratge i la direcci\u00f3 empresarial s\u00f3n una altra de les passions de la Griselda i \u00e9s per aix\u00f2 que va estudiar un M\u00e0ster en Direcci\u00f3 i Administraci\u00f3 d\u2019Empreses a la Universitat Polit\u00e8cnica de Barcelona i continua formant-se dia a dia.<\/p>\n<p style=\"text-align: justify;\">A m\u00e9s, a la Griselda li encanta viatjar, i ha viatjat extensivament al voltant del m\u00f3n. Un dels seus lemes \u00e9s \u2018<em>Let the world change you and you will be able to change the world\u2019<\/em> (Deixa que el m\u00f3n et canvi\u00ef i ser\u00e0s capa\u00e7 de canviar el m\u00f3n). A banda de viure a Barcelona, la Griselda tamb\u00e9 ha viscut a l\u2019estranger durant diversos anys en ciutats com Londres, Nova York, Sidney i Oslo. Es considera una ciutadana del m\u00f3n i aquest esperit internacional \u00e9s el que pret\u00e9n transmetre als alumnes de British House.<\/p>\n<p style=\"text-align: justify;\">\u00c9s per aix\u00f2 que l\u2019esl\u00f2gan de British House \u00e9s <em>Speak Languages! Be International!<\/em> (Parla idiomes! Sigues internacional!) i la missi\u00f3 de l\u2019escola \u00e9s que totes les persones, sigui quina sigui la seva edat\u00a0 i nivell inicial, puguin accedir a un ensenyament d\u2019idiomes d\u2019alta qualitat, efectiu i motivador, i aix\u00ed tenir m\u00e9s oportunitats, tant professionals, acad\u00e8miques i\/o personals arreu del m\u00f3n!<\/p>\n<\/div><div class=\"fusion-clearfix\"><\/div>\n\n\t\t\t\t\t<\/div>\n\t\t\t\t<\/div><\/div><\/div>\n","protected":false},"excerpt":{"rendered":"","protected":false},"author":1,"featured_media":0,"parent":0,"menu_order":0,"comment_status":"closed","ping_status":"closed","template":"","meta":{"footnotes":""},"class_list":["post-1662","page","type-page","status-publish","hentry"],"yoast_head":"<!-- This site is optimized with the Yoast SEO plugin v26.3 - https:\/\/yoast.com\/wordpress\/plugins\/seo\/ -->\n<title>GRISELDA-cat - BritishHouse Languages<\/title>\n<meta name=\"robots\" content=\"index, follow, max-snippet:-1, max-image-preview:large, max-video-preview:-1\" \/>\n<link rel=\"canonical\" href=\"https:\/\/britishhouse.es\/griselda\/\" \/>\n<meta property=\"og:locale\" content=\"ca_ES\" \/>\n<meta property=\"og:type\" content=\"article\" \/>\n<meta property=\"og:title\" content=\"GRISELDA-cat - BritishHouse Languages\" \/>\n<meta property=\"og:url\" content=\"https:\/\/britishhouse.es\/griselda\/\" \/>\n<meta property=\"og:site_name\" content=\"BritishHouse Languages\" \/>\n<meta property=\"article:modified_time\" content=\"2018-09-13T08:32:13+00:00\" \/>\n<meta name=\"twitter:card\" content=\"summary_large_image\" \/>\n<meta name=\"twitter:label1\" content=\"Temps estimat de lectura\" \/>\n\t<meta name=\"twitter:data1\" content=\"4 minuts\" \/>\n<script type=\"application\/ld+json\" class=\"yoast-schema-graph\">{\"@context\":\"https:\/\/schema.org\",\"@graph\":[{\"@type\":\"WebPage\",\"@id\":\"https:\/\/britishhouse.es\/griselda\/\",\"url\":\"https:\/\/britishhouse.es\/griselda\/\",\"name\":\"GRISELDA-cat - BritishHouse Languages\",\"isPartOf\":{\"@id\":\"https:\/\/britishhouse.es\/#website\"},\"datePublished\":\"2018-08-22T15:54:50+00:00\",\"dateModified\":\"2018-09-13T08:32:13+00:00\",\"breadcrumb\":{\"@id\":\"https:\/\/britishhouse.es\/griselda\/#breadcrumb\"},\"inLanguage\":\"ca\",\"potentialAction\":[{\"@type\":\"ReadAction\",\"target\":[\"https:\/\/britishhouse.es\/griselda\/\"]}]},{\"@type\":\"BreadcrumbList\",\"@id\":\"https:\/\/britishhouse.es\/griselda\/#breadcrumb\",\"itemListElement\":[{\"@type\":\"ListItem\",\"position\":1,\"name\":\"Portada\",\"item\":\"https:\/\/britishhouse.es\/ca\/\"},{\"@type\":\"ListItem\",\"position\":2,\"name\":\"GRISELDA-cat\"}]},{\"@type\":\"WebSite\",\"@id\":\"https:\/\/britishhouse.es\/#website\",\"url\":\"https:\/\/britishhouse.es\/\",\"name\":\"BritishHouse Languages\",\"description\":\"\",\"potentialAction\":[{\"@type\":\"SearchAction\",\"target\":{\"@type\":\"EntryPoint\",\"urlTemplate\":\"https:\/\/britishhouse.es\/?s={search_term_string}\"},\"query-input\":{\"@type\":\"PropertyValueSpecification\",\"valueRequired\":true,\"valueName\":\"search_term_string\"}}],\"inLanguage\":\"ca\"}]}<\/script>\n<!-- \/ Yoast SEO plugin. -->","yoast_head_json":{"title":"GRISELDA-cat - BritishHouse Languages","robots":{"index":"index","follow":"follow","max-snippet":"max-snippet:-1","max-image-preview":"max-image-preview:large","max-video-preview":"max-video-preview:-1"},"canonical":"https:\/\/britishhouse.es\/griselda\/","og_locale":"ca_ES","og_type":"article","og_title":"GRISELDA-cat - BritishHouse Languages","og_url":"https:\/\/britishhouse.es\/griselda\/","og_site_name":"BritishHouse Languages","article_modified_time":"2018-09-13T08:32:13+00:00","twitter_card":"summary_large_image","twitter_misc":{"Temps estimat de lectura":"4 minuts"},"schema":{"@context":"https:\/\/schema.org","@graph":[{"@type":"WebPage","@id":"https:\/\/britishhouse.es\/griselda\/","url":"https:\/\/britishhouse.es\/griselda\/","name":"GRISELDA-cat - BritishHouse Languages","isPartOf":{"@id":"https:\/\/britishhouse.es\/#website"},"datePublished":"2018-08-22T15:54:50+00:00","dateModified":"2018-09-13T08:32:13+00:00","breadcrumb":{"@id":"https:\/\/britishhouse.es\/griselda\/#breadcrumb"},"inLanguage":"ca","potentialAction":[{"@type":"ReadAction","target":["https:\/\/britishhouse.es\/griselda\/"]}]},{"@type":"BreadcrumbList","@id":"https:\/\/britishhouse.es\/griselda\/#breadcrumb","itemListElement":[{"@type":"ListItem","position":1,"name":"Portada","item":"https:\/\/britishhouse.es\/ca\/"},{"@type":"ListItem","position":2,"name":"GRISELDA-cat"}]},{"@type":"WebSite","@id":"https:\/\/britishhouse.es\/#website","url":"https:\/\/britishhouse.es\/","name":"BritishHouse Languages","description":"","potentialAction":[{"@type":"SearchAction","target":{"@type":"EntryPoint","urlTemplate":"https:\/\/britishhouse.es\/?s={search_term_string}"},"query-input":{"@type":"PropertyValueSpecification","valueRequired":true,"valueName":"search_term_string"}}],"inLanguage":"ca"}]}},"_links":{"self":[{"href":"https:\/\/britishhouse.es\/ca\/wp-json\/wp\/v2\/pages\/1662","targetHints":{"allow":["GET"]}}],"collection":[{"href":"https:\/\/britishhouse.es\/ca\/wp-json\/wp\/v2\/pages"}],"about":[{"href":"https:\/\/britishhouse.es\/ca\/wp-json\/wp\/v2\/types\/page"}],"author":[{"embeddable":true,"href":"https:\/\/britishhouse.es\/ca\/wp-json\/wp\/v2\/users\/1"}],"replies":[{"embeddable":true,"href":"https:\/\/britishhouse.es\/ca\/wp-json\/wp\/v2\/comments?post=1662"}],"version-history":[{"count":1,"href":"https:\/\/britishhouse.es\/ca\/wp-json\/wp\/v2\/pages\/1662\/revisions"}],"predecessor-version":[{"id":1848,"href":"https:\/\/britishhouse.es\/ca\/wp-json\/wp\/v2\/pages\/1662\/revisions\/1848"}],"wp:attachment":[{"href":"https:\/\/britishhouse.es\/ca\/wp-json\/wp\/v2\/media?parent=1662"}],"curies":[{"name":"wp","href":"https:\/\/api.w.org\/{rel}","templated":true}]}}