{"id":1622,"date":"2018-08-22T15:37:22","date_gmt":"2018-08-22T15:37:22","guid":{"rendered":"http:\/\/babies.britishhouse.es\/?page_id=1622"},"modified":"2018-09-13T08:30:36","modified_gmt":"2018-09-13T08:30:36","slug":"ann","status":"publish","type":"page","link":"https:\/\/britishhouse.es\/ca\/ann\/","title":{"rendered":"Ann-cat"},"content":{"rendered":"<div class=\"fusion-fullwidth fullwidth-box nonhundred-percent-fullwidth non-hundred-percent-height-scrolling\"  style='background-color: rgba(255,255,255,0);background-position: center center;background-repeat: no-repeat;padding-top:0px;padding-right:0px;padding-bottom:0px;padding-left:0px;'><div class=\"fusion-builder-row fusion-row \"><div  class=\"fusion-layout-column fusion_builder_column fusion_builder_column_1_2  fusion-one-half fusion-column-first 1_2\"  style='margin-top:0px;margin-bottom:20px;width:50%;width:calc(50% - ( ( 4% ) * 0.5 ) );margin-right: 4%;'>\n\t\t\t\t\t<div class=\"fusion-column-wrapper\" style=\"padding: 0px 0px 0px 0px;background-position:left top;background-repeat:no-repeat;-webkit-background-size:cover;-moz-background-size:cover;-o-background-size:cover;background-size:cover;\"   data-bg-url=\"\">\n\t\t\t\t\t\t<div class=\"fusion-text\"><h2 style=\"margin-bottom: 0px;\">ANN<\/h2>\n<\/div><div class=\"fusion-sep-clear\"><\/div><div class=\"fusion-separator fusion-full-width-sep sep-single sep-solid\" style=\"border-color:#e0dede;border-top-width:2px;margin-left: auto;margin-right: auto;margin-top:0px;margin-bottom:3%;\"><\/div><div class=\"fusion-text\"><p style=\"text-align: justify;\"><span style=\"font-weight: 400;\">L\u2019Ann <\/span><span style=\"font-weight: 400;\">\u00e9s part del nostre equip de professors d\u2019angl\u00e8s. L\u2019Ann \u00e9s origin\u00e0ria d\u2019aqu\u00ed per\u00f2 va viure a Noruega on va fer pr\u00e0ctiques com a mestra a una escola. L\u2019Ann es va graduar en <\/span><span style=\"font-weight: 400;\">Educaci\u00f3 Prim\u00e0ria en Angl\u00e8s, en l&#8217;especialitat de llengua estrangera, i tamb\u00e9 va ser alumna de la British durant un parell d\u2019anys mentre estudiava la seva carrera.<\/span><\/p>\n<p style=\"text-align: justify;\"><span style=\"font-weight: 400;\">Li agrada la fotografia i l&#8217;art, de fet li agradaria dedicar-se tamb\u00e9 al m\u00f3n de la il\u00b7lustraci\u00f3 i el disseny en un futur. <\/span><span style=\"font-weight: 400;\">A l\u2019Ann <\/span><span style=\"font-weight: 400;\">tamb\u00e9 li agrada molt el cinema.<\/span><\/p>\n<\/div><div class=\"fusion-clearfix\"><\/div>\n\n\t\t\t\t\t<\/div>\n\t\t\t\t<\/div><div  class=\"fusion-layout-column fusion_builder_column fusion_builder_column_1_2  fusion-one-half fusion-column-last 1_2\"  style='margin-top:2%;margin-bottom:20px;width:50%;width:calc(50% - ( ( 4% ) * 0.5 ) );'>\n\t\t\t\t\t<div class=\"fusion-column-wrapper\" style=\"padding: 0px 0px 0px 0px;background-position:left top;background-repeat:no-repeat;-webkit-background-size:cover;-moz-background-size:cover;-o-background-size:cover;background-size:cover;\"   data-bg-url=\"\">\n\t\t\t\t\t\t<div class=\"imageframe-align-center\"><span class=\"fusion-imageframe imageframe-none imageframe-1 hover-type-none\"><img decoding=\"async\" src=\"data:image\/gif;base64,R0lGODlhAQABAAAAACH5BAEKAAEALAAAAAABAAEAAAICTAEAOw==\" data-src=\"https:\/\/babies.britishhouse.es\/wp-content\/uploads\/2018\/07\/ann-2.jpg\" width=\"\" height=\"\" alt=\"\" title=\"Ann-cat\" class=\"lazyload img-responsive\"\/><\/span><\/div><div class=\"fusion-clearfix\"><\/div>\n\n\t\t\t\t\t<\/div>\n\t\t\t\t<\/div><\/div><\/div>\n","protected":false},"excerpt":{"rendered":"","protected":false},"author":1,"featured_media":0,"parent":0,"menu_order":0,"comment_status":"closed","ping_status":"closed","template":"","meta":{"footnotes":""},"class_list":["post-1622","page","type-page","status-publish","hentry"],"yoast_head":"<!-- This site is optimized with the Yoast SEO plugin v26.3 - https:\/\/yoast.com\/wordpress\/plugins\/seo\/ -->\n<title>Ann-cat - BritishHouse Languages<\/title>\n<meta name=\"robots\" content=\"index, follow, max-snippet:-1, max-image-preview:large, max-video-preview:-1\" \/>\n<link rel=\"canonical\" href=\"https:\/\/britishhouse.es\/ann\/\" \/>\n<meta property=\"og:locale\" content=\"ca_ES\" \/>\n<meta property=\"og:type\" content=\"article\" \/>\n<meta property=\"og:title\" content=\"Ann-cat - BritishHouse Languages\" \/>\n<meta property=\"og:url\" content=\"https:\/\/britishhouse.es\/ann\/\" \/>\n<meta property=\"og:site_name\" content=\"BritishHouse Languages\" \/>\n<meta property=\"article:modified_time\" content=\"2018-09-13T08:30:36+00:00\" \/>\n<meta name=\"twitter:card\" content=\"summary_large_image\" \/>\n<meta name=\"twitter:label1\" content=\"Temps estimat de lectura\" \/>\n\t<meta name=\"twitter:data1\" content=\"2 minuts\" \/>\n<script type=\"application\/ld+json\" class=\"yoast-schema-graph\">{\"@context\":\"https:\/\/schema.org\",\"@graph\":[{\"@type\":\"WebPage\",\"@id\":\"https:\/\/britishhouse.es\/ann\/\",\"url\":\"https:\/\/britishhouse.es\/ann\/\",\"name\":\"Ann-cat - BritishHouse Languages\",\"isPartOf\":{\"@id\":\"https:\/\/britishhouse.es\/#website\"},\"datePublished\":\"2018-08-22T15:37:22+00:00\",\"dateModified\":\"2018-09-13T08:30:36+00:00\",\"breadcrumb\":{\"@id\":\"https:\/\/britishhouse.es\/ann\/#breadcrumb\"},\"inLanguage\":\"ca\",\"potentialAction\":[{\"@type\":\"ReadAction\",\"target\":[\"https:\/\/britishhouse.es\/ann\/\"]}]},{\"@type\":\"BreadcrumbList\",\"@id\":\"https:\/\/britishhouse.es\/ann\/#breadcrumb\",\"itemListElement\":[{\"@type\":\"ListItem\",\"position\":1,\"name\":\"Portada\",\"item\":\"https:\/\/britishhouse.es\/ca\/\"},{\"@type\":\"ListItem\",\"position\":2,\"name\":\"Ann-cat\"}]},{\"@type\":\"WebSite\",\"@id\":\"https:\/\/britishhouse.es\/#website\",\"url\":\"https:\/\/britishhouse.es\/\",\"name\":\"BritishHouse Languages\",\"description\":\"\",\"potentialAction\":[{\"@type\":\"SearchAction\",\"target\":{\"@type\":\"EntryPoint\",\"urlTemplate\":\"https:\/\/britishhouse.es\/?s={search_term_string}\"},\"query-input\":{\"@type\":\"PropertyValueSpecification\",\"valueRequired\":true,\"valueName\":\"search_term_string\"}}],\"inLanguage\":\"ca\"}]}<\/script>\n<!-- \/ Yoast SEO plugin. -->","yoast_head_json":{"title":"Ann-cat - BritishHouse Languages","robots":{"index":"index","follow":"follow","max-snippet":"max-snippet:-1","max-image-preview":"max-image-preview:large","max-video-preview":"max-video-preview:-1"},"canonical":"https:\/\/britishhouse.es\/ann\/","og_locale":"ca_ES","og_type":"article","og_title":"Ann-cat - BritishHouse Languages","og_url":"https:\/\/britishhouse.es\/ann\/","og_site_name":"BritishHouse Languages","article_modified_time":"2018-09-13T08:30:36+00:00","twitter_card":"summary_large_image","twitter_misc":{"Temps estimat de lectura":"2 minuts"},"schema":{"@context":"https:\/\/schema.org","@graph":[{"@type":"WebPage","@id":"https:\/\/britishhouse.es\/ann\/","url":"https:\/\/britishhouse.es\/ann\/","name":"Ann-cat - BritishHouse Languages","isPartOf":{"@id":"https:\/\/britishhouse.es\/#website"},"datePublished":"2018-08-22T15:37:22+00:00","dateModified":"2018-09-13T08:30:36+00:00","breadcrumb":{"@id":"https:\/\/britishhouse.es\/ann\/#breadcrumb"},"inLanguage":"ca","potentialAction":[{"@type":"ReadAction","target":["https:\/\/britishhouse.es\/ann\/"]}]},{"@type":"BreadcrumbList","@id":"https:\/\/britishhouse.es\/ann\/#breadcrumb","itemListElement":[{"@type":"ListItem","position":1,"name":"Portada","item":"https:\/\/britishhouse.es\/ca\/"},{"@type":"ListItem","position":2,"name":"Ann-cat"}]},{"@type":"WebSite","@id":"https:\/\/britishhouse.es\/#website","url":"https:\/\/britishhouse.es\/","name":"BritishHouse Languages","description":"","potentialAction":[{"@type":"SearchAction","target":{"@type":"EntryPoint","urlTemplate":"https:\/\/britishhouse.es\/?s={search_term_string}"},"query-input":{"@type":"PropertyValueSpecification","valueRequired":true,"valueName":"search_term_string"}}],"inLanguage":"ca"}]}},"_links":{"self":[{"href":"https:\/\/britishhouse.es\/ca\/wp-json\/wp\/v2\/pages\/1622","targetHints":{"allow":["GET"]}}],"collection":[{"href":"https:\/\/britishhouse.es\/ca\/wp-json\/wp\/v2\/pages"}],"about":[{"href":"https:\/\/britishhouse.es\/ca\/wp-json\/wp\/v2\/types\/page"}],"author":[{"embeddable":true,"href":"https:\/\/britishhouse.es\/ca\/wp-json\/wp\/v2\/users\/1"}],"replies":[{"embeddable":true,"href":"https:\/\/britishhouse.es\/ca\/wp-json\/wp\/v2\/comments?post=1622"}],"version-history":[{"count":1,"href":"https:\/\/britishhouse.es\/ca\/wp-json\/wp\/v2\/pages\/1622\/revisions"}],"predecessor-version":[{"id":1837,"href":"https:\/\/britishhouse.es\/ca\/wp-json\/wp\/v2\/pages\/1622\/revisions\/1837"}],"wp:attachment":[{"href":"https:\/\/britishhouse.es\/ca\/wp-json\/wp\/v2\/media?parent=1622"}],"curies":[{"name":"wp","href":"https:\/\/api.w.org\/{rel}","templated":true}]}}