{"id":1375,"date":"2018-08-02T08:02:49","date_gmt":"2018-08-02T08:02:49","guid":{"rendered":"http:\/\/babies.britishhouse.es\/?page_id=1375"},"modified":"2018-09-12T15:47:04","modified_gmt":"2018-09-12T15:47:04","slug":"politica-de-privacidad","status":"publish","type":"page","link":"https:\/\/britishhouse.es\/ca\/politica-de-privacidad\/","title":{"rendered":"Pol\u00edtica de privacidad-cat"},"content":{"rendered":"<div class=\"fusion-fullwidth fullwidth-box nonhundred-percent-fullwidth non-hundred-percent-height-scrolling\"  style='background-color: rgba(255,255,255,0);background-position: center center;background-repeat: no-repeat;padding-top:0px;padding-right:0px;padding-bottom:0px;padding-left:0px;'><div class=\"fusion-builder-row fusion-row \"><div  class=\"fusion-layout-column fusion_builder_column fusion_builder_column_1_1  fusion-one-full fusion-column-first fusion-column-last 1_1\"  style='margin-top:0px;margin-bottom:20px;'>\n\t\t\t\t\t<div class=\"fusion-column-wrapper\" style=\"padding: 0px 0px 0px 0px;background-position:left top;background-repeat:no-repeat;-webkit-background-size:cover;-moz-background-size:cover;-o-background-size:cover;background-size:cover;\"   data-bg-url=\"\">\n\t\t\t\t\t\t<div class=\"fusion-text\"><p style=\"text-align: justify;\"><b>POL\u00cdTICA DE PRIVACITAT<\/b><\/p>\n<p style=\"text-align: justify;\"><b>SEGURETAT I PROTECCI\u00d3 DE DADES DE CAR\u00c0CTER PERSONAL<\/b><\/p>\n<p style=\"text-align: justify;\"><span style=\"font-weight: 400;\"><br \/>\n<\/span><span style=\"text-decoration: underline;\"><b>Privacitat i Protecci\u00f3 de dades personals<\/b><\/span><\/p>\n<p style=\"text-align: justify;\"><span style=\"font-weight: 400;\">Com a norma general, la utilitzaci\u00f3 de la web de British House Languages SL (en endavant, BRITISH HOUSE), no requereix com a condici\u00f3 pr\u00e8via que els usuaris revelin les seves dades personals.<\/span><\/p>\n<p style=\"text-align: justify;\"><span style=\"font-weight: 400;\">No obstant aix\u00f2, l\u2019usuari podr\u00e0 remetre a BRITISH HOUSE , amb domicili social al C \/ Sant Cugat 1, 08191 Rub\u00ed (Barcelona), les seves dades de car\u00e0cter personal mitjan\u00e7ant els diferents formularis que a aquest efecte poden disposar-se a la p\u00e0gina web . Aquests formularis inclouen informaci\u00f3 concreta sobre les finalitats per a les quals les seves dades seran tractades, en compliment a les exig\u00e8ncies establertes en el Reglament General de Protecci\u00f3 de Dades (RGPD) i restant legislaci\u00f3 vigent en mat\u00e8ria de protecci\u00f3 de dades de car\u00e0cter personal. Les seves dades personals seran tractades per BRITISH HOUSE de forma confidencial i nom\u00e9s per a aquelles finalitats que vost\u00e8 hagi consentit.<\/span><\/p>\n<p style=\"text-align: justify;\"><span style=\"font-weight: 400;\">L\u2019informem que les seves dades no seran cedides, venudes, llogades o posades a la seva disposici\u00f3 de cap altra manera a cap tercer, excepte a aquells prove\u00efdors de serveis de BRITISH HOUSE que realitzin determinades activitats per a l\u2019escola (com ara, l\u2019enviament de les comunicacions, prove\u00efdors de serveis inform\u00e0tics, etc.), per\u00f2 en cap cas per les seves finalitats pr\u00f2pies.<\/span><\/p>\n<p style=\"text-align: justify;\"><span style=\"text-decoration: underline;\"><b>Possibles Finalitats<\/b><\/span><\/p>\n<p style=\"text-align: justify;\"><span style=\"font-weight: 400;\">L\u2019informem que les dades personals que vost\u00e8 ens faciliti podran ser tractades per BRITISH HOUSE per a les seg\u00fcents finalitats:<\/span><\/p>\n<p style=\"text-align: justify;\"><span style=\"font-weight: 400;\">Si \u00e9s el cas, gestionar i respondre a la seva consulta o sol\u00b7licitud, aix\u00ed com l\u2019enviament de documentaci\u00f3 en el cas que aix\u00ed ho requereixi.<\/span><\/p>\n<p style=\"text-align: justify;\"><span style=\"font-weight: 400;\">Si \u00e9s el cas, gestionar i tramitar la seva participaci\u00f3 en un concurs o sorteig.<\/span><\/p>\n<p style=\"text-align: justify;\"><span style=\"font-weight: 400;\">Si \u00e9s el cas, rebre, avaluar i tramitar la seva candidatura, aix\u00ed com gestionar la seva participaci\u00f3 en un proc\u00e9s de selecci\u00f3 laboral.<\/span><\/p>\n<p style=\"text-align: justify;\"><span style=\"font-weight: 400;\">Si \u00e9s el cas, atendre i tramitar la seva sol\u00b7licitud de visita a les nostres instal\u00b7lacions o la realitzaci\u00f3 de proves de nivell d\u2019idiomes, aix\u00ed com l\u2019enviament de documentaci\u00f3 en el cas que aix\u00ed ho requereixi.<\/span><\/p>\n<p style=\"text-align: justify;\"><span style=\"font-weight: 400;\">L\u2019enviament de la Newsletter i comunicacions comercials sobre productes i serveis de BRITISH HOUSE per mitjans electr\u00f2nics, en cas que aix\u00ed ens hagi autoritzat.<\/span><\/p>\n<p style=\"text-align: justify;\"><span style=\"text-decoration: underline;\"><b>Terminis de conservaci\u00f3<\/b><\/span><\/p>\n<p style=\"text-align: justify;\"><span style=\"font-weight: 400;\">Les seves dades es conservaran de forma indefinida. Recordi que pot retirar el seu consentiment en qualsevol moment.<\/span><\/p>\n<p style=\"text-align: justify;\"><span style=\"font-weight: 400;\"><br \/>\n<\/span><span style=\"text-decoration: underline;\"><b>Exercici de drets i reclamacions davant l\u2019AEPD<\/b><\/span><\/p>\n<p style=\"text-align: justify;\"><span style=\"font-weight: 400;\">Vost\u00e8 podr\u00e0 exercir els drets d\u2019acc\u00e9s, rectificaci\u00f3, supressi\u00f3, limitaci\u00f3 del tractament, portabilitat de les dades i oposici\u00f3, mitjan\u00e7ant \u00a0l\u2019enviament d\u2019un correu electr\u00f2nic a l\u2019adre\u00e7a information@britishhouse.es, o si ho prefereix, mitjan\u00e7ant correu postal dirigit a l\u2019adre\u00e7a C \/ Sant Cugat 1, 08191 Rub\u00ed \u00a0(Barcelona), en el qual l\u2019Usuari s\u2019identificar\u00e0 i indicar\u00e0 amb claredat l\u2019objecte de la seva sol\u00b7licitud.<\/span><\/p>\n<p style=\"text-align: justify;\"><span style=\"font-weight: 400;\">Amb l\u2019objectiu de que la informaci\u00f3 continguda als nostres fitxers estigui sempre actualitzada, preguem als nostres usuaris que ens comuniquin, el m\u00e9s aviat possible, les modificacions i rectificacions de les seves dades de car\u00e0cter personal.<\/span><\/p>\n<p style=\"text-align: justify;\"><span style=\"font-weight: 400;\">BRITISH HOUSE li recorda que podr\u00e0 exercir el seu dret de reclamaci\u00f3 davant l\u2019autoritat de control competent, Ag\u00e8ncia Espanyola de Protecci\u00f3 de Dades en www.agpd.es<\/span><\/p>\n<p style=\"text-align: justify;\"><span style=\"font-weight: 400;\"><br \/>\n<\/span><span style=\"text-decoration: underline;\"><strong>Nivells de Seguretat<\/strong><\/span><\/p>\n<p style=\"text-align: justify;\"><span style=\"font-weight: 400;\">La informaci\u00f3 rebuda per BRITISH HOUSE mitjan\u00e7ant la present p\u00e0gina Web ser\u00e0 tractada amb la m\u00e0xima reserva i confidencialitat. Aix\u00ed mateix, en resposta a la preocupaci\u00f3 de BRITISH HOUSE per garantir la seguretat i confidencialitat de les seves dades personals, hem adoptat tots els mitjans t\u00e8cnics al nostre abast per evitar la p\u00e8rdua, mal \u00fas, alteraci\u00f3, acc\u00e9s no autoritzat i robatori de les dades personals facilitades a trav\u00e9s del lloc web. En tot cas, cal tenir en compte que les mesures de seguretat a Internet no s\u00f3n inexpugnables.<\/span><\/p>\n<\/div><div class=\"fusion-clearfix\"><\/div>\n\n\t\t\t\t\t<\/div>\n\t\t\t\t<\/div><\/div><\/div>\n","protected":false},"excerpt":{"rendered":"","protected":false},"author":1,"featured_media":0,"parent":0,"menu_order":0,"comment_status":"closed","ping_status":"open","template":"","meta":{"footnotes":""},"class_list":["post-1375","page","type-page","status-publish","hentry"],"yoast_head":"<!-- This site is optimized with the Yoast SEO plugin v26.3 - https:\/\/yoast.com\/wordpress\/plugins\/seo\/ -->\n<title>Pol\u00edtica de privacidad-cat - BritishHouse Languages<\/title>\n<meta name=\"robots\" content=\"index, follow, max-snippet:-1, max-image-preview:large, max-video-preview:-1\" \/>\n<link rel=\"canonical\" href=\"https:\/\/britishhouse.es\/politica-de-privacidad\/\" \/>\n<meta property=\"og:locale\" content=\"ca_ES\" \/>\n<meta property=\"og:type\" content=\"article\" \/>\n<meta property=\"og:title\" content=\"Pol\u00edtica de privacidad-cat - BritishHouse Languages\" \/>\n<meta property=\"og:url\" content=\"https:\/\/britishhouse.es\/politica-de-privacidad\/\" \/>\n<meta property=\"og:site_name\" content=\"BritishHouse Languages\" \/>\n<meta property=\"article:modified_time\" content=\"2018-09-12T15:47:04+00:00\" \/>\n<meta name=\"twitter:card\" content=\"summary_large_image\" \/>\n<meta name=\"twitter:label1\" content=\"Temps estimat de lectura\" \/>\n\t<meta name=\"twitter:data1\" content=\"4 minuts\" \/>\n<script type=\"application\/ld+json\" class=\"yoast-schema-graph\">{\"@context\":\"https:\/\/schema.org\",\"@graph\":[{\"@type\":\"WebPage\",\"@id\":\"https:\/\/britishhouse.es\/politica-de-privacidad\/\",\"url\":\"https:\/\/britishhouse.es\/politica-de-privacidad\/\",\"name\":\"Pol\u00edtica de privacidad-cat - BritishHouse Languages\",\"isPartOf\":{\"@id\":\"https:\/\/britishhouse.es\/#website\"},\"datePublished\":\"2018-08-02T08:02:49+00:00\",\"dateModified\":\"2018-09-12T15:47:04+00:00\",\"breadcrumb\":{\"@id\":\"https:\/\/britishhouse.es\/politica-de-privacidad\/#breadcrumb\"},\"inLanguage\":\"ca\",\"potentialAction\":[{\"@type\":\"ReadAction\",\"target\":[\"https:\/\/britishhouse.es\/politica-de-privacidad\/\"]}]},{\"@type\":\"BreadcrumbList\",\"@id\":\"https:\/\/britishhouse.es\/politica-de-privacidad\/#breadcrumb\",\"itemListElement\":[{\"@type\":\"ListItem\",\"position\":1,\"name\":\"Portada\",\"item\":\"https:\/\/britishhouse.es\/ca\/\"},{\"@type\":\"ListItem\",\"position\":2,\"name\":\"Pol\u00edtica de privacidad-cat\"}]},{\"@type\":\"WebSite\",\"@id\":\"https:\/\/britishhouse.es\/#website\",\"url\":\"https:\/\/britishhouse.es\/\",\"name\":\"BritishHouse Languages\",\"description\":\"\",\"potentialAction\":[{\"@type\":\"SearchAction\",\"target\":{\"@type\":\"EntryPoint\",\"urlTemplate\":\"https:\/\/britishhouse.es\/?s={search_term_string}\"},\"query-input\":{\"@type\":\"PropertyValueSpecification\",\"valueRequired\":true,\"valueName\":\"search_term_string\"}}],\"inLanguage\":\"ca\"}]}<\/script>\n<!-- \/ Yoast SEO plugin. -->","yoast_head_json":{"title":"Pol\u00edtica de privacidad-cat - BritishHouse Languages","robots":{"index":"index","follow":"follow","max-snippet":"max-snippet:-1","max-image-preview":"max-image-preview:large","max-video-preview":"max-video-preview:-1"},"canonical":"https:\/\/britishhouse.es\/politica-de-privacidad\/","og_locale":"ca_ES","og_type":"article","og_title":"Pol\u00edtica de privacidad-cat - BritishHouse Languages","og_url":"https:\/\/britishhouse.es\/politica-de-privacidad\/","og_site_name":"BritishHouse Languages","article_modified_time":"2018-09-12T15:47:04+00:00","twitter_card":"summary_large_image","twitter_misc":{"Temps estimat de lectura":"4 minuts"},"schema":{"@context":"https:\/\/schema.org","@graph":[{"@type":"WebPage","@id":"https:\/\/britishhouse.es\/politica-de-privacidad\/","url":"https:\/\/britishhouse.es\/politica-de-privacidad\/","name":"Pol\u00edtica de privacidad-cat - BritishHouse Languages","isPartOf":{"@id":"https:\/\/britishhouse.es\/#website"},"datePublished":"2018-08-02T08:02:49+00:00","dateModified":"2018-09-12T15:47:04+00:00","breadcrumb":{"@id":"https:\/\/britishhouse.es\/politica-de-privacidad\/#breadcrumb"},"inLanguage":"ca","potentialAction":[{"@type":"ReadAction","target":["https:\/\/britishhouse.es\/politica-de-privacidad\/"]}]},{"@type":"BreadcrumbList","@id":"https:\/\/britishhouse.es\/politica-de-privacidad\/#breadcrumb","itemListElement":[{"@type":"ListItem","position":1,"name":"Portada","item":"https:\/\/britishhouse.es\/ca\/"},{"@type":"ListItem","position":2,"name":"Pol\u00edtica de privacidad-cat"}]},{"@type":"WebSite","@id":"https:\/\/britishhouse.es\/#website","url":"https:\/\/britishhouse.es\/","name":"BritishHouse Languages","description":"","potentialAction":[{"@type":"SearchAction","target":{"@type":"EntryPoint","urlTemplate":"https:\/\/britishhouse.es\/?s={search_term_string}"},"query-input":{"@type":"PropertyValueSpecification","valueRequired":true,"valueName":"search_term_string"}}],"inLanguage":"ca"}]}},"_links":{"self":[{"href":"https:\/\/britishhouse.es\/ca\/wp-json\/wp\/v2\/pages\/1375","targetHints":{"allow":["GET"]}}],"collection":[{"href":"https:\/\/britishhouse.es\/ca\/wp-json\/wp\/v2\/pages"}],"about":[{"href":"https:\/\/britishhouse.es\/ca\/wp-json\/wp\/v2\/types\/page"}],"author":[{"embeddable":true,"href":"https:\/\/britishhouse.es\/ca\/wp-json\/wp\/v2\/users\/1"}],"replies":[{"embeddable":true,"href":"https:\/\/britishhouse.es\/ca\/wp-json\/wp\/v2\/comments?post=1375"}],"version-history":[{"count":1,"href":"https:\/\/britishhouse.es\/ca\/wp-json\/wp\/v2\/pages\/1375\/revisions"}],"predecessor-version":[{"id":1792,"href":"https:\/\/britishhouse.es\/ca\/wp-json\/wp\/v2\/pages\/1375\/revisions\/1792"}],"wp:attachment":[{"href":"https:\/\/britishhouse.es\/ca\/wp-json\/wp\/v2\/media?parent=1375"}],"curies":[{"name":"wp","href":"https:\/\/api.w.org\/{rel}","templated":true}]}}